{"id":11031,"date":"2026-03-03T16:03:25","date_gmt":"2026-03-03T19:03:25","guid":{"rendered":"https:\/\/navierajaramillo.cl\/inicio\/?page_id=11031"},"modified":"2026-03-05T19:35:34","modified_gmt":"2026-03-05T22:35:34","slug":"busqueda-y-rescate","status":"publish","type":"page","link":"https:\/\/navierajaramillo.cl\/inicio\/busqueda-y-rescate\/","title":{"rendered":"B\u00fasqueda y Rescate"},"content":{"rendered":"\t\t<div data-elementor-type=\"wp-page\" data-elementor-id=\"11031\" class=\"elementor elementor-11031\">\n\t\t\t\t<div class=\"no-position  elementor-element elementor-element-c435f8d e-con-full e-flex e-con e-parent\" data-id=\"c435f8d\" data-element_type=\"container\" data-settings=\"{&quot;background_background&quot;:&quot;classic&quot;}\">\n\t\t\t\t<div class=\"elementor-element elementor-element-0f3bfe3 gsap-move-no rs-tween_max_btn-no elementor-widget elementor-widget-page-title\" data-id=\"0f3bfe3\" data-element_type=\"widget\" data-settings=\"{&quot;align&quot;:&quot;center&quot;}\" data-widget_type=\"page-title.default\">\n\t\t\t\t<div class=\"elementor-widget-container\">\n\t\t\t\t\t\t\t\n\t\t<div class=\"hfe-page-title hfe-page-title-wrapper elementor-widget-heading\">\n\t\t\t\n\t\t\t<h2 class=\"elementor-heading-title elementor-size\">\n\t\t\t\tB\u00fasqueda y Rescate\t\t\t<\/h2 > \n\n\t\t\t\t\t\t\t\t<\/div>\n\t\t\t\t\t\t<\/div>\n\t\t\t\t<\/div>\n\t\t\t\t<\/div>\n\t\t<div class=\"no-position  elementor-element elementor-element-9e213af e-flex e-con-boxed e-con e-parent\" data-id=\"9e213af\" data-element_type=\"container\">\n\t\t\t\t\t<div class=\"e-con-inner\">\n\t\t<div class=\"no-position  elementor-element elementor-element-838ea88 e-con-full e-flex e-con e-child\" data-id=\"838ea88\" data-element_type=\"container\">\n\t\t<div class=\"no-position  elementor-element elementor-element-a24d0a8 e-con-full e-flex e-con e-child\" data-id=\"a24d0a8\" data-element_type=\"container\">\n\t\t\t\t<div class=\"elementor-element elementor-element-d7a61a7 gsap-move-no rs-tween_max_btn-no elementor-widget elementor-widget-heading\" data-id=\"d7a61a7\" data-element_type=\"widget\" data-widget_type=\"heading.default\">\n\t\t\t\t\t<h2 class=\"elementor-heading-title elementor-size-default\">B\u00fasqueda y Rescate<\/h2>\t\t\t\t<\/div>\n\t\t\t\t<div class=\"elementor-element elementor-element-3f4cb15 gsap-move-no rs-tween_max_btn-no elementor-widget elementor-widget-text-editor\" data-id=\"3f4cb15\" data-element_type=\"widget\" data-widget_type=\"text-editor.default\">\n\t\t\t\t\t\t\t\t\t<p>Contamos con experiencia en b\u00fasqueda y rescate de personas u objetos en \u00e1reas profundas y de dif\u00edcil acceso. Hemos estado presentes en varias situaciones de emergencia logrando resultados positivos y cumpliendo con los objetivos, trabajando en conjunto con; PDI, BOMBEROS, GOPE y AA.MM, adem\u00e1s de otras empresas y particulares, acopl\u00e1ndonos eficientemente a las operaciones de rescates.<\/p>\t\t\t\t\t\t\t\t<\/div>\n\t\t\t\t<\/div>\n\t\t\t\t<\/div>\n\t\t<div class=\"no-position  elementor-element elementor-element-841eb8b e-con-full e-flex e-con e-child\" data-id=\"841eb8b\" data-element_type=\"container\">\n\t\t\t\t<div class=\"elementor-element elementor-element-5809734 gsap-move-no rs-tween_max_btn-no elementor-widget elementor-widget-image\" data-id=\"5809734\" data-element_type=\"widget\" data-widget_type=\"image.default\">\n\t\t\t\t\t\t\t\t\t\t\t\t\t\t\t<img fetchpriority=\"high\" decoding=\"async\" width=\"600\" height=\"400\" src=\"https:\/\/navierajaramillo.cl\/inicio\/wp-content\/uploads\/2026\/03\/busqueda_600x400.jpg\" class=\"attachment-large size-large wp-image-11041\" alt=\"\" srcset=\"https:\/\/navierajaramillo.cl\/inicio\/wp-content\/uploads\/2026\/03\/busqueda_600x400.jpg 600w, https:\/\/navierajaramillo.cl\/inicio\/wp-content\/uploads\/2026\/03\/busqueda_600x400-300x200.jpg 300w\" sizes=\"(max-width: 600px) 100vw, 600px\" \/>\t\t\t\t\t\t\t\t\t\t\t\t\t\t\t<\/div>\n\t\t\t\t<\/div>\n\t\t\t\t\t<\/div>\n\t\t\t\t<\/div>\n\t\t<div class=\"no-position  elementor-element elementor-element-2ce9203 e-flex e-con-boxed e-con e-parent\" data-id=\"2ce9203\" data-element_type=\"container\">\n\t\t\t\t\t<div class=\"e-con-inner\">\n\t\t\t\t<div class=\"elementor-element elementor-element-41b29b1 gsap-move-no rs-tween_max_btn-no elementor-widget elementor-widget-heading\" data-id=\"41b29b1\" data-element_type=\"widget\" data-widget_type=\"heading.default\">\n\t\t\t\t\t<h2 class=\"elementor-heading-title elementor-size-default\">Lago Rinihue, 2015<\/h2>\t\t\t\t<\/div>\n\t\t\t\t<div class=\"elementor-element elementor-element-216ba77 elementor-widget__width-initial gsap-move-no rs-tween_max_btn-no elementor-widget elementor-widget-text-editor\" data-id=\"216ba77\" data-element_type=\"widget\" data-widget_type=\"text-editor.default\">\n\t\t\t\t\t\t\t\t\t<p>Recibimos un llamado en solicitud de apoyar las labores de b\u00fasqueda de la tragedia ocurrida en el Lago Ri\u00f1ihue, nos incorporamos a la b\u00fasqueda con 2 Rov,s SEABOTIX LBV-300, la operaci\u00f3n comenz\u00f3 a las 07.30 , el cuerpo del menor fue localizado a 129 metros de profundidad y siendo rescatado a las 13.30 del mismo d\u00eda.<\/p>\t\t\t\t\t\t\t\t<\/div>\n\t\t\t\t<div class=\"elementor-element elementor-element-6e9e72c elementor-widget__width-initial gsap-move-no rs-tween_max_btn-no elementor-widget elementor-widget-video\" data-id=\"6e9e72c\" data-element_type=\"widget\" data-settings=\"{&quot;youtube_url&quot;:&quot;https:\\\/\\\/youtu.be\\\/SnLubCswyfU&quot;,&quot;video_type&quot;:&quot;youtube&quot;,&quot;controls&quot;:&quot;yes&quot;}\" data-widget_type=\"video.default\">\n\t\t\t\t\t\t\t<div class=\"elementor-wrapper elementor-open-inline\">\n\t\t\t<div class=\"elementor-video\"><\/div>\t\t<\/div>\n\t\t\t\t\t\t<\/div>\n\t\t\t\t\t<\/div>\n\t\t\t\t<\/div>\n\t\t<div class=\"no-position  elementor-element elementor-element-a5eff0d e-flex e-con-boxed e-con e-parent\" data-id=\"a5eff0d\" data-element_type=\"container\">\n\t\t\t\t\t<div class=\"e-con-inner\">\n\t\t\t\t<div class=\"elementor-element elementor-element-9755478 gsap-move-no rs-tween_max_btn-no elementor-widget elementor-widget-spacer\" data-id=\"9755478\" data-element_type=\"widget\" data-widget_type=\"spacer.default\">\n\t\t\t\t\t\t\t<div class=\"elementor-spacer\">\n\t\t\t<div class=\"elementor-spacer-inner\"><\/div>\n\t\t<\/div>\n\t\t\t\t\t\t<\/div>\n\t\t\t\t<div class=\"elementor-element elementor-element-9e745cb elementor-arrows-position-inside elementor-pagination-position-outside gsap-move-no rs-tween_max_btn-no elementor-widget elementor-widget-image-carousel\" data-id=\"9e745cb\" data-element_type=\"widget\" data-settings=\"{&quot;slides_to_show&quot;:&quot;3&quot;,&quot;navigation&quot;:&quot;both&quot;,&quot;autoplay&quot;:&quot;yes&quot;,&quot;pause_on_hover&quot;:&quot;yes&quot;,&quot;pause_on_interaction&quot;:&quot;yes&quot;,&quot;autoplay_speed&quot;:5000,&quot;infinite&quot;:&quot;yes&quot;,&quot;speed&quot;:500,&quot;image_spacing_custom&quot;:{&quot;unit&quot;:&quot;px&quot;,&quot;size&quot;:20,&quot;sizes&quot;:[]},&quot;image_spacing_custom_laptop&quot;:{&quot;unit&quot;:&quot;px&quot;,&quot;size&quot;:&quot;&quot;,&quot;sizes&quot;:[]},&quot;image_spacing_custom_tablet&quot;:{&quot;unit&quot;:&quot;px&quot;,&quot;size&quot;:&quot;&quot;,&quot;sizes&quot;:[]},&quot;image_spacing_custom_mobile&quot;:{&quot;unit&quot;:&quot;px&quot;,&quot;size&quot;:&quot;&quot;,&quot;sizes&quot;:[]}}\" data-widget_type=\"image-carousel.default\">\n\t\t\t\t\t\t\t<div class=\"elementor-image-carousel-wrapper swiper\" role=\"region\" aria-roledescription=\"carousel\" aria-label=\"Carrusel de im\u00e1genes\" dir=\"ltr\">\n\t\t\t<div class=\"elementor-image-carousel swiper-wrapper\" aria-live=\"off\">\n\t\t\t\t\t\t\t\t<div class=\"swiper-slide\" role=\"group\" aria-roledescription=\"slide\" aria-label=\"1 de 4\"><figure class=\"swiper-slide-inner\"><img decoding=\"async\" class=\"swiper-slide-image\" src=\"https:\/\/navierajaramillo.cl\/inicio\/wp-content\/uploads\/2026\/03\/20190228_140534479_iOS-413x269.jpg\" alt=\"20190228_140534479_iOS\" \/><\/figure><\/div><div class=\"swiper-slide\" role=\"group\" aria-roledescription=\"slide\" aria-label=\"2 de 4\"><figure class=\"swiper-slide-inner\"><img decoding=\"async\" class=\"swiper-slide-image\" src=\"https:\/\/navierajaramillo.cl\/inicio\/wp-content\/uploads\/2026\/03\/b2-413x269.jpg\" alt=\"b2\" \/><\/figure><\/div><div class=\"swiper-slide\" role=\"group\" aria-roledescription=\"slide\" aria-label=\"3 de 4\"><figure class=\"swiper-slide-inner\"><img decoding=\"async\" class=\"swiper-slide-image\" src=\"https:\/\/navierajaramillo.cl\/inicio\/wp-content\/uploads\/2026\/03\/b1-413x269.png\" alt=\"b1\" \/><\/figure><\/div><div class=\"swiper-slide\" role=\"group\" aria-roledescription=\"slide\" aria-label=\"4 de 4\"><figure class=\"swiper-slide-inner\"><img decoding=\"async\" class=\"swiper-slide-image\" src=\"https:\/\/navierajaramillo.cl\/inicio\/wp-content\/uploads\/2026\/03\/20190228_144744699_iOS-413x269.jpg\" alt=\"20190228_144744699_iOS\" \/><\/figure><\/div>\t\t\t<\/div>\n\t\t\t\t\t\t\t\t\t\t\t\t<div class=\"elementor-swiper-button elementor-swiper-button-prev\" role=\"button\" tabindex=\"0\">\n\t\t\t\t\t\t<svg aria-hidden=\"true\" class=\"e-font-icon-svg e-eicon-chevron-left\" viewBox=\"0 0 1000 1000\" xmlns=\"http:\/\/www.w3.org\/2000\/svg\"><path d=\"M646 125C629 125 613 133 604 142L308 442C296 454 292 471 292 487 292 504 296 521 308 533L604 854C617 867 629 875 646 875 663 875 679 871 692 858 704 846 713 829 713 812 713 796 708 779 692 767L438 487 692 225C700 217 708 204 708 187 708 171 704 154 692 142 675 129 663 125 646 125Z\"><\/path><\/svg>\t\t\t\t\t<\/div>\n\t\t\t\t\t<div class=\"elementor-swiper-button elementor-swiper-button-next\" role=\"button\" tabindex=\"0\">\n\t\t\t\t\t\t<svg aria-hidden=\"true\" class=\"e-font-icon-svg e-eicon-chevron-right\" viewBox=\"0 0 1000 1000\" xmlns=\"http:\/\/www.w3.org\/2000\/svg\"><path d=\"M696 533C708 521 713 504 713 487 713 471 708 454 696 446L400 146C388 133 375 125 354 125 338 125 325 129 313 142 300 154 292 171 292 187 292 204 296 221 308 233L563 492 304 771C292 783 288 800 288 817 288 833 296 850 308 863 321 871 338 875 354 875 371 875 388 867 400 854L696 533Z\"><\/path><\/svg>\t\t\t\t\t<\/div>\n\t\t\t\t\n\t\t\t\t\t\t\t\t\t<div class=\"swiper-pagination\"><\/div>\n\t\t\t\t\t\t\t\t\t<\/div>\n\t\t\t\t\t\t<\/div>\n\t\t\t\t\t<\/div>\n\t\t\t\t<\/div>\n\t\t\t\t<\/div>\n\t\t","protected":false},"excerpt":{"rendered":"<p>B\u00fasqueda y Rescate B\u00fasqueda y Rescate Contamos con experiencia en b\u00fasqueda y rescate de personas u objetos en \u00e1reas profundas y de dif\u00edcil acceso. Hemos estado presentes en varias situaciones de emergencia logrando resultados positivos y cumpliendo con los objetivos, trabajando en conjunto con; PDI, BOMBEROS, GOPE y AA.MM, adem\u00e1s de otras empresas y particulares,&#8230;<\/p>\n","protected":false},"author":2,"featured_media":0,"parent":0,"menu_order":0,"comment_status":"closed","ping_status":"closed","template":"elementor_header_footer","meta":{"footnotes":""},"class_list":["post-11031","page","type-page","status-publish","hentry"],"_links":{"self":[{"href":"https:\/\/navierajaramillo.cl\/inicio\/wp-json\/wp\/v2\/pages\/11031","targetHints":{"allow":["GET"]}}],"collection":[{"href":"https:\/\/navierajaramillo.cl\/inicio\/wp-json\/wp\/v2\/pages"}],"about":[{"href":"https:\/\/navierajaramillo.cl\/inicio\/wp-json\/wp\/v2\/types\/page"}],"author":[{"embeddable":true,"href":"https:\/\/navierajaramillo.cl\/inicio\/wp-json\/wp\/v2\/users\/2"}],"replies":[{"embeddable":true,"href":"https:\/\/navierajaramillo.cl\/inicio\/wp-json\/wp\/v2\/comments?post=11031"}],"version-history":[{"count":31,"href":"https:\/\/navierajaramillo.cl\/inicio\/wp-json\/wp\/v2\/pages\/11031\/revisions"}],"predecessor-version":[{"id":11315,"href":"https:\/\/navierajaramillo.cl\/inicio\/wp-json\/wp\/v2\/pages\/11031\/revisions\/11315"}],"wp:attachment":[{"href":"https:\/\/navierajaramillo.cl\/inicio\/wp-json\/wp\/v2\/media?parent=11031"}],"curies":[{"name":"wp","href":"https:\/\/api.w.org\/{rel}","templated":true}]}}