{"id":1212,"date":"2024-11-25T13:12:33","date_gmt":"2024-11-25T13:12:33","guid":{"rendered":"http:\/\/192.168.0.134:10017\/?page_id=1212"},"modified":"2026-03-18T11:04:29","modified_gmt":"2026-03-18T14:04:29","slug":"nuestros-valores","status":"publish","type":"page","link":"https:\/\/navierajaramillo.cl\/inicio\/nuestros-valores\/","title":{"rendered":"Nuestros Valores"},"content":{"rendered":"\t\t<div data-elementor-type=\"wp-page\" data-elementor-id=\"1212\" class=\"elementor elementor-1212\">\n\t\t\t\t<div class=\"no-position  elementor-element elementor-element-58e0504 e-con-full e-flex e-con e-parent\" data-id=\"58e0504\" data-element_type=\"container\" data-settings=\"{&quot;background_background&quot;:&quot;classic&quot;}\">\n\t\t\t\t<div class=\"elementor-element elementor-element-f0a43c1 gsap-move-no rs-tween_max_btn-no elementor-widget elementor-widget-page-title\" data-id=\"f0a43c1\" data-element_type=\"widget\" data-settings=\"{&quot;align&quot;:&quot;center&quot;}\" data-widget_type=\"page-title.default\">\n\t\t\t\t<div class=\"elementor-widget-container\">\n\t\t\t\t\t\t\t\n\t\t<div class=\"hfe-page-title hfe-page-title-wrapper elementor-widget-heading\">\n\t\t\t\n\t\t\t<h2 class=\"elementor-heading-title elementor-size\">\n\t\t\t\tNuestros Valores\t\t\t<\/h2 > \n\n\t\t\t\t\t\t\t\t<\/div>\n\t\t\t\t\t\t<\/div>\n\t\t\t\t<\/div>\n\t\t\t\t<\/div>\n\t\t<div class=\"no-position  elementor-element elementor-element-9b1b339 e-flex e-con-boxed e-con e-parent\" data-id=\"9b1b339\" data-element_type=\"container\">\n\t\t\t\t\t<div class=\"e-con-inner\">\n\t\t<div class=\"no-position  elementor-element elementor-element-f2c9bd0 e-con-full e-flex e-con e-child\" data-id=\"f2c9bd0\" data-element_type=\"container\">\n\t\t\t\t<div class=\"elementor-element elementor-element-aa69a35 elementor-view-default gsap-move-no rs-tween_max_btn-no elementor-widget elementor-widget-icon\" data-id=\"aa69a35\" data-element_type=\"widget\" data-widget_type=\"icon.default\">\n\t\t\t\t\t\t\t<div class=\"elementor-icon-wrapper\">\n\t\t\t<div class=\"elementor-icon\">\n\t\t\t<svg aria-hidden=\"true\" class=\"e-font-icon-svg e-fas-hands-helping\" viewBox=\"0 0 640 512\" xmlns=\"http:\/\/www.w3.org\/2000\/svg\"><path d=\"M488 192H336v56c0 39.7-32.3 72-72 72s-72-32.3-72-72V126.4l-64.9 39C107.8 176.9 96 197.8 96 220.2v47.3l-80 46.2C.7 322.5-4.6 342.1 4.3 357.4l80 138.6c8.8 15.3 28.4 20.5 43.7 11.7L231.4 448H368c35.3 0 64-28.7 64-64h16c17.7 0 32-14.3 32-32v-64h8c13.3 0 24-10.7 24-24v-48c0-13.3-10.7-24-24-24zm147.7-37.4L555.7 16C546.9.7 527.3-4.5 512 4.3L408.6 64H306.4c-12 0-23.7 3.4-33.9 9.7L239 94.6c-9.4 5.8-15 16.1-15 27.1V248c0 22.1 17.9 40 40 40s40-17.9 40-40v-88h184c30.9 0 56 25.1 56 56v28.5l80-46.2c15.3-8.9 20.5-28.4 11.7-43.7z\"><\/path><\/svg>\t\t\t<\/div>\n\t\t<\/div>\n\t\t\t\t\t\t<\/div>\n\t\t\t\t<div class=\"elementor-element elementor-element-704b80f gsap-move-no rs-tween_max_btn-no elementor-widget elementor-widget-heading\" data-id=\"704b80f\" data-element_type=\"widget\" data-widget_type=\"heading.default\">\n\t\t\t\t\t<h3 class=\"elementor-heading-title elementor-size-default\">Compromiso<\/h3>\t\t\t\t<\/div>\n\t\t\t\t<div class=\"elementor-element elementor-element-39c4641 gsap-move-no rs-tween_max_btn-no elementor-widget elementor-widget-text-editor\" data-id=\"39c4641\" data-element_type=\"widget\" data-widget_type=\"text-editor.default\">\n\t\t\t\t\t\t\t\t\t<p>Cumplimos con firmeza y responsabilidad cada meta y proyecto asumido, garantizando resultados confiables y relaciones de largo plazo.<\/p>\t\t\t\t\t\t\t\t<\/div>\n\t\t\t\t<\/div>\n\t\t<div class=\"no-position  elementor-element elementor-element-5e4ab03 e-con-full e-flex e-con e-child\" data-id=\"5e4ab03\" data-element_type=\"container\">\n\t\t\t\t<div class=\"elementor-element elementor-element-bf5a42b elementor-view-default gsap-move-no rs-tween_max_btn-no elementor-widget elementor-widget-icon\" data-id=\"bf5a42b\" data-element_type=\"widget\" data-widget_type=\"icon.default\">\n\t\t\t\t\t\t\t<div class=\"elementor-icon-wrapper\">\n\t\t\t<div class=\"elementor-icon\">\n\t\t\t<svg aria-hidden=\"true\" class=\"e-font-icon-svg e-fas-hand-holding-medical\" viewBox=\"0 0 576 512\" xmlns=\"http:\/\/www.w3.org\/2000\/svg\"><path d=\"M159.88,175.82h64v64a16,16,0,0,0,16,16h64a16,16,0,0,0,16-16v-64h64a16,16,0,0,0,16-16v-64a16,16,0,0,0-16-16h-64v-64a16,16,0,0,0-16-16h-64a16,16,0,0,0-16,16v64h-64a16,16,0,0,0-16,16v64A16,16,0,0,0,159.88,175.82ZM568.07,336.13a39.91,39.91,0,0,0-55.93-8.47L392.47,415.84H271.86a16,16,0,0,1,0-32H350.1c16,0,30.75-10.87,33.37-26.61a32.06,32.06,0,0,0-31.62-37.38h-160a117.7,117.7,0,0,0-74.12,26.25l-46.5,37.74H15.87a16.11,16.11,0,0,0-16,16v96a16.11,16.11,0,0,0,16,16h347a104.8,104.8,0,0,0,61.7-20.27L559.6,392A40,40,0,0,0,568.07,336.13Z\"><\/path><\/svg>\t\t\t<\/div>\n\t\t<\/div>\n\t\t\t\t\t\t<\/div>\n\t\t\t\t<div class=\"elementor-element elementor-element-2b3c3fc gsap-move-no rs-tween_max_btn-no elementor-widget elementor-widget-heading\" data-id=\"2b3c3fc\" data-element_type=\"widget\" data-widget_type=\"heading.default\">\n\t\t\t\t\t<h3 class=\"elementor-heading-title elementor-size-default\">Seguridad<\/h3>\t\t\t\t<\/div>\n\t\t\t\t<div class=\"elementor-element elementor-element-9754269 gsap-move-no rs-tween_max_btn-no elementor-widget elementor-widget-text-editor\" data-id=\"9754269\" data-element_type=\"widget\" data-widget_type=\"text-editor.default\">\n\t\t\t\t\t\t\t\t\t<p>La seguridad es un principio esencial en todas nuestras operaciones mar\u00edtimas y submarinas, protegiendo a las personas, los equipos y el entorno.<\/p>\t\t\t\t\t\t\t\t<\/div>\n\t\t\t\t<\/div>\n\t\t<div class=\"no-position  elementor-element elementor-element-cab976c e-con-full e-flex e-con e-child\" data-id=\"cab976c\" data-element_type=\"container\">\n\t\t\t\t<div class=\"elementor-element elementor-element-5be5ec2 elementor-view-default gsap-move-no rs-tween_max_btn-no elementor-widget elementor-widget-icon\" data-id=\"5be5ec2\" data-element_type=\"widget\" data-widget_type=\"icon.default\">\n\t\t\t\t\t\t\t<div class=\"elementor-icon-wrapper\">\n\t\t\t<div class=\"elementor-icon\">\n\t\t\t<svg aria-hidden=\"true\" class=\"e-font-icon-svg e-fas-pastafarianism\" viewBox=\"0 0 640 512\" xmlns=\"http:\/\/www.w3.org\/2000\/svg\"><path d=\"M624.54 347.67c-32.7-12.52-57.36 4.25-75.37 16.45-17.06 11.53-23.25 14.42-31.41 11.36-8.12-3.09-10.83-9.38-15.89-29.38-3.33-13.15-7.44-29.32-17.95-42.65 2.24-2.91 4.43-5.79 6.38-8.57C500.47 304.45 513.71 312 532 312c33.95 0 50.87-25.78 62.06-42.83 10.59-16.14 15-21.17 21.94-21.17 13.25 0 24-10.75 24-24s-10.75-24-24-24c-33.95 0-50.87 25.78-62.06 42.83-10.6 16.14-15 21.17-21.94 21.17-17.31 0-37.48-61.43-97.26-101.91l17.25-34.5C485.43 125.5 512 97.98 512 64c0-35.35-28.65-64-64-64s-64 28.65-64 64c0 13.02 3.94 25.1 10.62 35.21l-18.15 36.3c-16.98-4.6-35.6-7.51-56.46-7.51s-39.49 2.91-56.46 7.51l-18.15-36.3C252.06 89.1 256 77.02 256 64c0-35.35-28.65-64-64-64s-64 28.65-64 64c0 33.98 26.56 61.5 60.02 63.6l17.25 34.5C145.68 202.44 125.15 264 108 264c-6.94 0-11.34-5.03-21.94-21.17C74.88 225.78 57.96 200 24 200c-13.25 0-24 10.75-24 24s10.75 24 24 24c6.94 0 11.34 5.03 21.94 21.17C57.13 286.22 74.05 312 108 312c18.29 0 31.53-7.55 41.7-17.11 1.95 2.79 4.14 5.66 6.38 8.57-10.51 13.33-14.62 29.5-17.95 42.65-5.06 20-7.77 26.28-15.89 29.38-8.11 3.06-14.33.17-31.41-11.36-18.03-12.2-42.72-28.92-75.37-16.45-12.39 4.72-18.59 18.58-13.87 30.97 4.72 12.41 18.61 18.61 30.97 13.88 8.16-3.09 14.34-.19 31.39 11.36 13.55 9.16 30.83 20.86 52.42 20.84 7.17 0 14.83-1.28 22.97-4.39 32.66-12.44 39.98-41.33 45.33-62.44 2.21-8.72 3.99-14.49 5.95-18.87 16.62 13.61 36.95 25.88 61.64 34.17-9.96 37-32.18 90.8-60.26 90.8-13.25 0-24 10.75-24 24s10.75 24 24 24c66.74 0 97.05-88.63 107.42-129.14 6.69.6 13.42 1.14 20.58 1.14s13.89-.54 20.58-1.14C350.95 423.37 381.26 512 448 512c13.25 0 24-10.75 24-24s-10.75-24-24-24c-27.94 0-50.21-53.81-60.22-90.81 24.69-8.29 45-20.56 61.62-34.16 1.96 4.38 3.74 10.15 5.95 18.87 5.34 21.11 12.67 50 45.33 62.44 8.14 3.11 15.8 4.39 22.97 4.39 21.59 0 38.87-11.69 52.42-20.84 17.05-11.55 23.28-14.45 31.39-11.36 12.39 4.75 26.27-1.47 30.97-13.88 4.71-12.4-1.49-26.26-13.89-30.98zM448 48c8.82 0 16 7.18 16 16s-7.18 16-16 16-16-7.18-16-16 7.18-16 16-16zm-256 0c8.82 0 16 7.18 16 16s-7.18 16-16 16-16-7.18-16-16 7.18-16 16-16z\"><\/path><\/svg>\t\t\t<\/div>\n\t\t<\/div>\n\t\t\t\t\t\t<\/div>\n\t\t\t\t<div class=\"elementor-element elementor-element-d71bd35 gsap-move-no rs-tween_max_btn-no elementor-widget elementor-widget-heading\" data-id=\"d71bd35\" data-element_type=\"widget\" data-widget_type=\"heading.default\">\n\t\t\t\t\t<h3 class=\"elementor-heading-title elementor-size-default\">Responsabilidad ambiental<\/h3>\t\t\t\t<\/div>\n\t\t\t\t<div class=\"elementor-element elementor-element-7b1824c gsap-move-no rs-tween_max_btn-no elementor-widget elementor-widget-text-editor\" data-id=\"7b1824c\" data-element_type=\"widget\" data-widget_type=\"text-editor.default\">\n\t\t\t\t\t\t\t\t\t<p>Desarrollamos nuestras actividades con conciencia y respeto por el medio ambiente marino, promoviendo pr\u00e1cticas responsables y sostenibles.<\/p>\t\t\t\t\t\t\t\t<\/div>\n\t\t\t\t<\/div>\n\t\t<div class=\"no-position  elementor-element elementor-element-e5089ad e-con-full e-flex e-con e-child\" data-id=\"e5089ad\" data-element_type=\"container\">\n\t\t\t\t<div class=\"elementor-element elementor-element-1d7683f elementor-view-default gsap-move-no rs-tween_max_btn-no elementor-widget elementor-widget-icon\" data-id=\"1d7683f\" data-element_type=\"widget\" data-widget_type=\"icon.default\">\n\t\t\t\t\t\t\t<div class=\"elementor-icon-wrapper\">\n\t\t\t<div class=\"elementor-icon\">\n\t\t\t<svg aria-hidden=\"true\" class=\"e-font-icon-svg e-fab-slideshare\" viewBox=\"0 0 512 512\" xmlns=\"http:\/\/www.w3.org\/2000\/svg\"><path d=\"M187.7 153.7c-34 0-61.7 25.7-61.7 57.7 0 31.7 27.7 57.7 61.7 57.7s61.7-26 61.7-57.7c0-32-27.7-57.7-61.7-57.7zm143.4 0c-34 0-61.7 25.7-61.7 57.7 0 31.7 27.7 57.7 61.7 57.7 34.3 0 61.7-26 61.7-57.7.1-32-27.4-57.7-61.7-57.7zm156.6 90l-6 4.3V49.7c0-27.4-20.6-49.7-46-49.7H76.6c-25.4 0-46 22.3-46 49.7V248c-2-1.4-4.3-2.9-6.3-4.3-15.1-10.6-25.1 4-16 17.7 18.3 22.6 53.1 50.3 106.3 72C58.3 525.1 252 555.7 248.9 457.5c0-.7.3-56.6.3-96.6 5.1 1.1 9.4 2.3 13.7 3.1 0 39.7.3 92.8.3 93.5-3.1 98.3 190.6 67.7 134.3-124 53.1-21.7 88-49.4 106.3-72 9.1-13.8-.9-28.3-16.1-17.8zm-30.5 19.2c-68.9 37.4-128.3 31.1-160.6 29.7-23.7-.9-32.6 9.1-33.7 24.9-10.3-7.7-18.6-15.5-20.3-17.1-5.1-5.4-13.7-8-27.1-7.7-31.7 1.1-89.7 7.4-157.4-28V72.3c0-34.9 8.9-45.7 40.6-45.7h317.7c30.3 0 40.9 12.9 40.9 45.7v190.6z\"><\/path><\/svg>\t\t\t<\/div>\n\t\t<\/div>\n\t\t\t\t\t\t<\/div>\n\t\t\t\t<div class=\"elementor-element elementor-element-6ef4233 gsap-move-no rs-tween_max_btn-no elementor-widget elementor-widget-heading\" data-id=\"6ef4233\" data-element_type=\"widget\" data-widget_type=\"heading.default\">\n\t\t\t\t\t<h3 class=\"elementor-heading-title elementor-size-default\">Trabajo en equipo<\/h3>\t\t\t\t<\/div>\n\t\t\t\t<div class=\"elementor-element elementor-element-9ac0400 gsap-move-no rs-tween_max_btn-no elementor-widget elementor-widget-text-editor\" data-id=\"9ac0400\" data-element_type=\"widget\" data-widget_type=\"text-editor.default\">\n\t\t\t\t\t\t\t\t\t<p>Fomentamos la colaboraci\u00f3n, el respeto y el desarrollo continuo de nuestro personal, fortaleciendo el trabajo conjunto en cada operaci\u00f3n.<\/p>\t\t\t\t\t\t\t\t<\/div>\n\t\t\t\t<\/div>\n\t\t\t\t\t<\/div>\n\t\t\t\t<\/div>\n\t\t<div class=\"no-position  elementor-element elementor-element-1091cb5 e-flex e-con-boxed e-con e-parent\" data-id=\"1091cb5\" data-element_type=\"container\">\n\t\t\t\t\t<div class=\"e-con-inner\">\n\t\t<div class=\"no-position  elementor-element elementor-element-cca925a e-con-full e-flex e-con e-child\" data-id=\"cca925a\" data-element_type=\"container\">\n\t\t\t\t<div class=\"elementor-element elementor-element-870cbda elementor-view-default gsap-move-no rs-tween_max_btn-no elementor-widget elementor-widget-icon\" data-id=\"870cbda\" data-element_type=\"widget\" data-widget_type=\"icon.default\">\n\t\t\t\t\t\t\t<div class=\"elementor-icon-wrapper\">\n\t\t\t<div class=\"elementor-icon\">\n\t\t\t<svg aria-hidden=\"true\" class=\"e-font-icon-svg e-fas-hands\" viewBox=\"0 0 640 512\" xmlns=\"http:\/\/www.w3.org\/2000\/svg\"><path d=\"M204.8 230.4c-10.6-14.1-30.7-17-44.8-6.4-14.1 10.6-17 30.7-6.4 44.8l38.1 50.8c4.8 6.4 4.1 15.3-1.5 20.9l-12.8 12.8c-6.7 6.7-17.6 6.2-23.6-1.1L64 244.4V96c0-17.7-14.3-32-32-32S0 78.3 0 96v218.4c0 10.9 3.7 21.5 10.5 30l104.1 134.3c5 6.5 8.4 13.9 10.4 21.7 1.8 6.9 8.1 11.6 15.3 11.6H272c8.8 0 16-7.2 16-16V384c0-27.7-9-54.6-25.6-76.8l-57.6-76.8zM608 64c-17.7 0-32 14.3-32 32v148.4l-89.8 107.8c-6 7.2-17 7.7-23.6 1.1l-12.8-12.8c-5.6-5.6-6.3-14.5-1.5-20.9l38.1-50.8c10.6-14.1 7.7-34.2-6.4-44.8-14.1-10.6-34.2-7.7-44.8 6.4l-57.6 76.8C361 329.4 352 356.3 352 384v112c0 8.8 7.2 16 16 16h131.7c7.1 0 13.5-4.7 15.3-11.6 2-7.8 5.4-15.2 10.4-21.7l104.1-134.3c6.8-8.5 10.5-19.1 10.5-30V96c0-17.7-14.3-32-32-32z\"><\/path><\/svg>\t\t\t<\/div>\n\t\t<\/div>\n\t\t\t\t\t\t<\/div>\n\t\t\t\t<div class=\"elementor-element elementor-element-90668aa gsap-move-no rs-tween_max_btn-no elementor-widget elementor-widget-heading\" data-id=\"90668aa\" data-element_type=\"widget\" data-widget_type=\"heading.default\">\n\t\t\t\t\t<h3 class=\"elementor-heading-title elementor-size-default\">Respeto<\/h3>\t\t\t\t<\/div>\n\t\t\t\t<div class=\"elementor-element elementor-element-3bbb33d gsap-move-no rs-tween_max_btn-no elementor-widget elementor-widget-text-editor\" data-id=\"3bbb33d\" data-element_type=\"widget\" data-widget_type=\"text-editor.default\">\n\t\t\t\t\t\t\t\t\t<p>Promovemos relaciones basadas en el respeto mutuo con clientes, colaboradores y el entorno, impulsando una convivencia profesional y responsable.<\/p>\t\t\t\t\t\t\t\t<\/div>\n\t\t\t\t<\/div>\n\t\t<div class=\"no-position  elementor-element elementor-element-b508e40 e-con-full e-flex e-con e-child\" data-id=\"b508e40\" data-element_type=\"container\">\n\t\t\t\t<div class=\"elementor-element elementor-element-d57a259 elementor-view-default gsap-move-no rs-tween_max_btn-no elementor-widget elementor-widget-icon\" data-id=\"d57a259\" data-element_type=\"widget\" data-widget_type=\"icon.default\">\n\t\t\t\t\t\t\t<div class=\"elementor-icon-wrapper\">\n\t\t\t<div class=\"elementor-icon\">\n\t\t\t<svg aria-hidden=\"true\" class=\"e-font-icon-svg e-fas-people-arrows\" viewBox=\"0 0 576 512\" xmlns=\"http:\/\/www.w3.org\/2000\/svg\"><path d=\"M96,128A64,64,0,1,0,32,64,64,64,0,0,0,96,128Zm0,176.08a44.11,44.11,0,0,1,13.64-32L181.77,204c1.65-1.55,3.77-2.31,5.61-3.57A63.91,63.91,0,0,0,128,160H64A64,64,0,0,0,0,224v96a32,32,0,0,0,32,32V480a32,32,0,0,0,32,32h64a32,32,0,0,0,32-32V383.61l-50.36-47.53A44.08,44.08,0,0,1,96,304.08ZM480,128a64,64,0,1,0-64-64A64,64,0,0,0,480,128Zm32,32H448a63.91,63.91,0,0,0-59.38,40.42c1.84,1.27,4,2,5.62,3.59l72.12,68.06a44.37,44.37,0,0,1,0,64L416,383.62V480a32,32,0,0,0,32,32h64a32,32,0,0,0,32-32V352a32,32,0,0,0,32-32V224A64,64,0,0,0,512,160ZM444.4,295.34l-72.12-68.06A12,12,0,0,0,352,236v36H224V236a12,12,0,0,0-20.28-8.73L131.6,295.34a12.4,12.4,0,0,0,0,17.47l72.12,68.07A12,12,0,0,0,224,372.14V336H352v36.14a12,12,0,0,0,20.28,8.74l72.12-68.07A12.4,12.4,0,0,0,444.4,295.34Z\"><\/path><\/svg>\t\t\t<\/div>\n\t\t<\/div>\n\t\t\t\t\t\t<\/div>\n\t\t\t\t<div class=\"elementor-element elementor-element-2f6e55f gsap-move-no rs-tween_max_btn-no elementor-widget elementor-widget-heading\" data-id=\"2f6e55f\" data-element_type=\"widget\" data-widget_type=\"heading.default\">\n\t\t\t\t\t<h3 class=\"elementor-heading-title elementor-size-default\">Responsabilidad<br>y \u00e9tica<\/h3>\t\t\t\t<\/div>\n\t\t\t\t<div class=\"elementor-element elementor-element-ad2cfa6 gsap-move-no rs-tween_max_btn-no elementor-widget elementor-widget-text-editor\" data-id=\"ad2cfa6\" data-element_type=\"widget\" data-widget_type=\"text-editor.default\">\n\t\t\t\t\t\t\t\t\t<p>Actuamos con transparencia, honestidad e integridad en cada proceso, manteniendo una conducta \u00e9tica con clientes, colaboradores y comunidades.<\/p>\t\t\t\t\t\t\t\t<\/div>\n\t\t\t\t<\/div>\n\t\t<div class=\"no-position  elementor-element elementor-element-3fdc4f7 e-con-full e-flex e-con e-child\" data-id=\"3fdc4f7\" data-element_type=\"container\">\n\t\t\t\t<div class=\"elementor-element elementor-element-b2ba54b elementor-view-default gsap-move-no rs-tween_max_btn-no elementor-widget elementor-widget-icon\" data-id=\"b2ba54b\" data-element_type=\"widget\" data-widget_type=\"icon.default\">\n\t\t\t\t\t\t\t<div class=\"elementor-icon-wrapper\">\n\t\t\t<div class=\"elementor-icon\">\n\t\t\t<svg aria-hidden=\"true\" class=\"e-font-icon-svg e-fas-server\" viewBox=\"0 0 512 512\" xmlns=\"http:\/\/www.w3.org\/2000\/svg\"><path d=\"M480 160H32c-17.673 0-32-14.327-32-32V64c0-17.673 14.327-32 32-32h448c17.673 0 32 14.327 32 32v64c0 17.673-14.327 32-32 32zm-48-88c-13.255 0-24 10.745-24 24s10.745 24 24 24 24-10.745 24-24-10.745-24-24-24zm-64 0c-13.255 0-24 10.745-24 24s10.745 24 24 24 24-10.745 24-24-10.745-24-24-24zm112 248H32c-17.673 0-32-14.327-32-32v-64c0-17.673 14.327-32 32-32h448c17.673 0 32 14.327 32 32v64c0 17.673-14.327 32-32 32zm-48-88c-13.255 0-24 10.745-24 24s10.745 24 24 24 24-10.745 24-24-10.745-24-24-24zm-64 0c-13.255 0-24 10.745-24 24s10.745 24 24 24 24-10.745 24-24-10.745-24-24-24zm112 248H32c-17.673 0-32-14.327-32-32v-64c0-17.673 14.327-32 32-32h448c17.673 0 32 14.327 32 32v64c0 17.673-14.327 32-32 32zm-48-88c-13.255 0-24 10.745-24 24s10.745 24 24 24 24-10.745 24-24-10.745-24-24-24zm-64 0c-13.255 0-24 10.745-24 24s10.745 24 24 24 24-10.745 24-24-10.745-24-24-24z\"><\/path><\/svg>\t\t\t<\/div>\n\t\t<\/div>\n\t\t\t\t\t\t<\/div>\n\t\t\t\t<div class=\"elementor-element elementor-element-302c0b8 gsap-move-no rs-tween_max_btn-no elementor-widget elementor-widget-heading\" data-id=\"302c0b8\" data-element_type=\"widget\" data-widget_type=\"heading.default\">\n\t\t\t\t\t<h3 class=\"elementor-heading-title elementor-size-default\">Innovaci\u00f3n tecnol\u00f3gica<\/h3>\t\t\t\t<\/div>\n\t\t\t\t<div class=\"elementor-element elementor-element-adf3dea gsap-move-no rs-tween_max_btn-no elementor-widget elementor-widget-text-editor\" data-id=\"adf3dea\" data-element_type=\"widget\" data-widget_type=\"text-editor.default\">\n\t\t\t\t\t\t\t\t\t<p>Aplicamos tecnolog\u00eda de vanguardia en rob\u00f3tica submarina y drones para entregar soluciones eficientes, seguras y confiables.<\/p>\t\t\t\t\t\t\t\t<\/div>\n\t\t\t\t<\/div>\n\t\t<div class=\"no-position  elementor-element elementor-element-070ff32 e-con-full e-flex e-con e-child\" data-id=\"070ff32\" data-element_type=\"container\">\n\t\t\t\t<div class=\"elementor-element elementor-element-2fab242 elementor-view-default gsap-move-no rs-tween_max_btn-no elementor-widget elementor-widget-icon\" data-id=\"2fab242\" data-element_type=\"widget\" data-widget_type=\"icon.default\">\n\t\t\t\t\t\t\t<div class=\"elementor-icon-wrapper\">\n\t\t\t<div class=\"elementor-icon\">\n\t\t\t<svg aria-hidden=\"true\" class=\"e-font-icon-svg e-fas-tasks\" viewBox=\"0 0 512 512\" xmlns=\"http:\/\/www.w3.org\/2000\/svg\"><path d=\"M139.61 35.5a12 12 0 0 0-17 0L58.93 98.81l-22.7-22.12a12 12 0 0 0-17 0L3.53 92.41a12 12 0 0 0 0 17l47.59 47.4a12.78 12.78 0 0 0 17.61 0l15.59-15.62L156.52 69a12.09 12.09 0 0 0 .09-17zm0 159.19a12 12 0 0 0-17 0l-63.68 63.72-22.7-22.1a12 12 0 0 0-17 0L3.53 252a12 12 0 0 0 0 17L51 316.5a12.77 12.77 0 0 0 17.6 0l15.7-15.69 72.2-72.22a12 12 0 0 0 .09-16.9zM64 368c-26.49 0-48.59 21.5-48.59 48S37.53 464 64 464a48 48 0 0 0 0-96zm432 16H208a16 16 0 0 0-16 16v32a16 16 0 0 0 16 16h288a16 16 0 0 0 16-16v-32a16 16 0 0 0-16-16zm0-320H208a16 16 0 0 0-16 16v32a16 16 0 0 0 16 16h288a16 16 0 0 0 16-16V80a16 16 0 0 0-16-16zm0 160H208a16 16 0 0 0-16 16v32a16 16 0 0 0 16 16h288a16 16 0 0 0 16-16v-32a16 16 0 0 0-16-16z\"><\/path><\/svg>\t\t\t<\/div>\n\t\t<\/div>\n\t\t\t\t\t\t<\/div>\n\t\t\t\t<div class=\"elementor-element elementor-element-07db45c gsap-move-no rs-tween_max_btn-no elementor-widget elementor-widget-heading\" data-id=\"07db45c\" data-element_type=\"widget\" data-widget_type=\"heading.default\">\n\t\t\t\t\t<h3 class=\"elementor-heading-title elementor-size-default\">Excelencia operativa<\/h3>\t\t\t\t<\/div>\n\t\t\t\t<div class=\"elementor-element elementor-element-f78343b gsap-move-no rs-tween_max_btn-no elementor-widget elementor-widget-text-editor\" data-id=\"f78343b\" data-element_type=\"widget\" data-widget_type=\"text-editor.default\">\n\t\t\t\t\t\t\t\t\t<p>Ejecutamos cada proyecto con altos est\u00e1ndares t\u00e9cnicos y profesionales, asegurando calidad, eficiencia y cumplimiento en cada operaci\u00f3n.<\/p>\t\t\t\t\t\t\t\t<\/div>\n\t\t\t\t<\/div>\n\t\t\t\t\t<\/div>\n\t\t\t\t<\/div>\n\t\t\t\t<\/div>\n\t\t","protected":false},"excerpt":{"rendered":"<p>Nuestros Valores Compromiso Cumplimos con firmeza y responsabilidad cada meta y proyecto asumido, garantizando resultados confiables y relaciones de largo plazo. Seguridad La seguridad es un principio esencial en todas nuestras operaciones mar\u00edtimas y submarinas, protegiendo a las personas, los equipos y el entorno. Responsabilidad ambiental Desarrollamos nuestras actividades con conciencia y respeto por el&#8230;<\/p>\n","protected":false},"author":1,"featured_media":0,"parent":0,"menu_order":0,"comment_status":"closed","ping_status":"closed","template":"elementor_header_footer","meta":{"footnotes":""},"class_list":["post-1212","page","type-page","status-publish","hentry"],"_links":{"self":[{"href":"https:\/\/navierajaramillo.cl\/inicio\/wp-json\/wp\/v2\/pages\/1212","targetHints":{"allow":["GET"]}}],"collection":[{"href":"https:\/\/navierajaramillo.cl\/inicio\/wp-json\/wp\/v2\/pages"}],"about":[{"href":"https:\/\/navierajaramillo.cl\/inicio\/wp-json\/wp\/v2\/types\/page"}],"author":[{"embeddable":true,"href":"https:\/\/navierajaramillo.cl\/inicio\/wp-json\/wp\/v2\/users\/1"}],"replies":[{"embeddable":true,"href":"https:\/\/navierajaramillo.cl\/inicio\/wp-json\/wp\/v2\/comments?post=1212"}],"version-history":[{"count":49,"href":"https:\/\/navierajaramillo.cl\/inicio\/wp-json\/wp\/v2\/pages\/1212\/revisions"}],"predecessor-version":[{"id":11618,"href":"https:\/\/navierajaramillo.cl\/inicio\/wp-json\/wp\/v2\/pages\/1212\/revisions\/11618"}],"wp:attachment":[{"href":"https:\/\/navierajaramillo.cl\/inicio\/wp-json\/wp\/v2\/media?parent=1212"}],"curies":[{"name":"wp","href":"https:\/\/api.w.org\/{rel}","templated":true}]}}