{"id":2612,"date":"2024-11-28T10:41:39","date_gmt":"2024-11-28T10:41:39","guid":{"rendered":"http:\/\/192.168.0.134:10017\/?page_id=2612"},"modified":"2026-03-06T11:03:10","modified_gmt":"2026-03-06T14:03:10","slug":"capcacitaciones","status":"publish","type":"page","link":"https:\/\/navierajaramillo.cl\/inicio\/capcacitaciones\/","title":{"rendered":"Capacitaciones"},"content":{"rendered":"\t\t<div data-elementor-type=\"wp-page\" data-elementor-id=\"2612\" class=\"elementor elementor-2612\">\n\t\t\t\t<div class=\"no-position  elementor-element elementor-element-2cccf77 e-flex e-con-boxed e-con e-parent\" data-id=\"2cccf77\" data-element_type=\"container\" data-settings=\"{&quot;background_background&quot;:&quot;classic&quot;}\">\n\t\t\t\t\t<div class=\"e-con-inner\">\n\t\t\t\t<div class=\"elementor-element elementor-element-1171538 gsap-move-no rs-tween_max_btn-no elementor-widget elementor-widget-page-title\" data-id=\"1171538\" data-element_type=\"widget\" data-settings=\"{&quot;align&quot;:&quot;center&quot;}\" data-widget_type=\"page-title.default\">\n\t\t\t\t<div class=\"elementor-widget-container\">\n\t\t\t\t\t\t\t\n\t\t<div class=\"hfe-page-title hfe-page-title-wrapper elementor-widget-heading\">\n\t\t\t\n\t\t\t<h1 class=\"elementor-heading-title elementor-size\">\n\t\t\t\tCapacitaciones\t\t\t<\/h1 > \n\n\t\t\t\t\t\t\t\t<\/div>\n\t\t\t\t\t\t<\/div>\n\t\t\t\t<\/div>\n\t\t\t\t\t<\/div>\n\t\t\t\t<\/div>\n\t\t<div class=\"no-position  elementor-element elementor-element-bd03651 e-con-full e-flex e-con e-parent\" data-id=\"bd03651\" data-element_type=\"container\" data-settings=\"{&quot;background_background&quot;:&quot;classic&quot;}\">\n\t\t<div class=\"no-position  elementor-element elementor-element-7c0464b e-flex e-con-boxed e-con e-child\" data-id=\"7c0464b\" data-element_type=\"container\">\n\t\t\t\t\t<div class=\"e-con-inner\">\n\t\t\t\t<div class=\"elementor-element elementor-element-a24f70c elementor-widget__width-initial elementor-widget-mobile__width-inherit elementor-widget-laptop__width-initial gsap-move-no rs-tween_max_btn-no elementor-widget elementor-widget-rs-heading\" data-id=\"a24f70c\" data-element_type=\"widget\" data-widget_type=\"rs-heading.default\">\n\t\t\t\t<div class=\"elementor-widget-container\">\n\t\t\t\t\t\n\t\t<div class=\"prelements-heading style1  center  animate-\">\n\t\t\t<div class=\"title-inner\">\n\t\t\t\t\t\t\t\t\t<span class=\"sub-text\">\n\t\t\t\t\t\t<svg xmlns=\"http:\/\/www.w3.org\/2000\/svg\" width=\"25\" height=\"9\" viewBox=\"0 0 25 9\" fill=\"none\"><path d=\"M0 0H9V9H0V0Z\" fill=\"#1BBBFF\"><\/path><path d=\"M9 4H25V5H9V4Z\" fill=\"#1BBBFF\"><\/path><\/svg>Compromiso permanente con la excelencia operacional<svg xmlns=\"http:\/\/www.w3.org\/2000\/svg\" width=\"25\" height=\"9\" viewBox=\"0 0 25 9\" fill=\"none\"><path d=\"M25 0H16V9H25V0Z\" fill=\"#1BBBFF\"><\/path><path d=\"M16 4H0V5H16V4Z\" fill=\"#1BBBFF\"><\/path><\/svg>\t\t\t\t\t<\/span>\n\t\t\t\t<h2 class=\"title rs-split-text-enable split-in-up\">Desarrollo y Formaci\u00f3n de Nuestro Equipo<\/h2>\n\t\t\t<\/div>\n\t\t\t\t\t<\/div>\n\t\t\t\t<\/div>\n\t\t\t\t<\/div>\n\t\t\t\t<div class=\"elementor-element elementor-element-e1fe77d elementor-widget__width-initial gsap-move-no rs-tween_max_btn-no elementor-widget elementor-widget-text-editor\" data-id=\"e1fe77d\" data-element_type=\"widget\" data-widget_type=\"text-editor.default\">\n\t\t\t\t\t\t\t\t\t<p data-start=\"452\" data-end=\"598\">En Naviera Jaramillo creemos que un servicio de excelencia comienza con un equipo preparado, actualizado y respaldado por una gesti\u00f3n responsable.<\/p><p data-start=\"452\" data-end=\"598\">Por eso impulsamos de manera permanente procesos de formaci\u00f3n y fortalecimiento organizacional para nuestros colaboradores.<\/p>\t\t\t\t\t\t\t\t<\/div>\n\t\t<div class=\"no-position  elementor-element elementor-element-d9c92f0 e-con-full e-flex e-con e-child\" data-id=\"d9c92f0\" data-element_type=\"container\">\n\t\t<div class=\"no-position  elementor-element elementor-element-9388c1e e-con-full e-flex e-con e-child\" data-id=\"9388c1e\" data-element_type=\"container\">\n\t\t\t\t<div class=\"elementor-element elementor-element-6da0ceb gsap-move-no rs-tween_max_btn-no elementor-widget elementor-widget-image\" data-id=\"6da0ceb\" data-element_type=\"widget\" data-widget_type=\"image.default\">\n\t\t\t\t\t\t\t\t\t\t\t\t\t\t\t<img fetchpriority=\"high\" decoding=\"async\" width=\"600\" height=\"400\" src=\"https:\/\/navierajaramillo.cl\/inicio\/wp-content\/uploads\/2026\/02\/capacitaciones8.png\" class=\"attachment-logitic_portfolio-slider size-logitic_portfolio-slider wp-image-10684\" alt=\"capacitacion online\" srcset=\"https:\/\/navierajaramillo.cl\/inicio\/wp-content\/uploads\/2026\/02\/capacitaciones8.png 600w, https:\/\/navierajaramillo.cl\/inicio\/wp-content\/uploads\/2026\/02\/capacitaciones8-300x200.png 300w\" sizes=\"(max-width: 600px) 100vw, 600px\" \/>\t\t\t\t\t\t\t\t\t\t\t\t\t\t\t<\/div>\n\t\t\t\t<\/div>\n\t\t<div class=\"no-position  elementor-element elementor-element-5142690 e-con-full e-flex e-con e-child\" data-id=\"5142690\" data-element_type=\"container\">\n\t\t\t\t<div class=\"elementor-element elementor-element-5d04cda gsap-move-no rs-tween_max_btn-no elementor-widget elementor-widget-image\" data-id=\"5d04cda\" data-element_type=\"widget\" data-widget_type=\"image.default\">\n\t\t\t\t\t\t\t\t\t\t\t\t\t\t\t<img decoding=\"async\" width=\"601\" height=\"400\" src=\"https:\/\/navierajaramillo.cl\/inicio\/wp-content\/uploads\/2026\/02\/capacitaciones7.png\" class=\"attachment-logitic_portfolio-slider size-logitic_portfolio-slider wp-image-10683\" alt=\"capacitacion equipo naviera jaramillo\" srcset=\"https:\/\/navierajaramillo.cl\/inicio\/wp-content\/uploads\/2026\/02\/capacitaciones7.png 601w, https:\/\/navierajaramillo.cl\/inicio\/wp-content\/uploads\/2026\/02\/capacitaciones7-300x200.png 300w\" sizes=\"(max-width: 601px) 100vw, 601px\" \/>\t\t\t\t\t\t\t\t\t\t\t\t\t\t\t<\/div>\n\t\t\t\t<\/div>\n\t\t<div class=\"no-position  elementor-element elementor-element-928c9da e-con-full e-flex e-con e-child\" data-id=\"928c9da\" data-element_type=\"container\">\n\t\t\t\t<div class=\"elementor-element elementor-element-83f7991 gsap-move-no rs-tween_max_btn-no elementor-widget elementor-widget-image\" data-id=\"83f7991\" data-element_type=\"widget\" data-widget_type=\"image.default\">\n\t\t\t\t\t\t\t\t\t\t\t\t\t\t\t<img decoding=\"async\" width=\"601\" height=\"401\" src=\"https:\/\/navierajaramillo.cl\/inicio\/wp-content\/uploads\/2026\/02\/capacitaciones5.png\" class=\"attachment-logitic_portfolio-slider size-logitic_portfolio-slider wp-image-10682\" alt=\"capacitaciones equipo naviera jaramillo\" srcset=\"https:\/\/navierajaramillo.cl\/inicio\/wp-content\/uploads\/2026\/02\/capacitaciones5.png 601w, https:\/\/navierajaramillo.cl\/inicio\/wp-content\/uploads\/2026\/02\/capacitaciones5-300x200.png 300w\" sizes=\"(max-width: 601px) 100vw, 601px\" \/>\t\t\t\t\t\t\t\t\t\t\t\t\t\t\t<\/div>\n\t\t\t\t<\/div>\n\t\t<div class=\"no-position  elementor-element elementor-element-3b03121 e-con-full e-flex e-con e-child\" data-id=\"3b03121\" data-element_type=\"container\">\n\t\t\t\t<div class=\"elementor-element elementor-element-977eb93 elementor-view-default gsap-move-no rs-tween_max_btn-no elementor-widget elementor-widget-icon\" data-id=\"977eb93\" data-element_type=\"widget\" data-settings=\"{&quot;_animation_laptop&quot;:&quot;zoomIn&quot;}\" data-widget_type=\"icon.default\">\n\t\t\t\t\t\t\t<div class=\"elementor-icon-wrapper\">\n\t\t\t<div class=\"elementor-icon\">\n\t\t\t<svg aria-hidden=\"true\" class=\"e-font-icon-svg e-fas-head-side-virus\" viewBox=\"0 0 512 512\" xmlns=\"http:\/\/www.w3.org\/2000\/svg\"><path d=\"M272,240a16,16,0,1,0,16,16A16,16,0,0,0,272,240Zm-64-64a16,16,0,1,0,16,16A16,16,0,0,0,208,176Zm301.2,99c-20.93-47.12-48.43-151.73-73.07-186.75A207.9,207.9,0,0,0,266.09,0H192C86,0,0,86,0,192A191.23,191.23,0,0,0,64,334.81V512H320V448h64a64,64,0,0,0,64-64V320H480A32,32,0,0,0,509.2,275ZM368,240H355.88c-28.51,0-42.79,34.47-22.63,54.63l8.58,8.57a16,16,0,1,1-22.63,22.63l-8.57-8.58C290.47,297.09,256,311.37,256,339.88V352a16,16,0,0,1-32,0V339.88c0-28.51-34.47-42.79-54.63-22.63l-8.57,8.58a16,16,0,0,1-22.63-22.63l8.58-8.57c20.16-20.16,5.88-54.63-22.63-54.63H112a16,16,0,0,1,0-32h12.12c28.51,0,42.79-34.47,22.63-54.63l-8.58-8.57a16,16,0,0,1,22.63-22.63l8.57,8.58c20.16,20.16,54.63,5.88,54.63-22.63V96a16,16,0,0,1,32,0v12.12c0,28.51,34.47,42.79,54.63,22.63l8.57-8.58a16,16,0,0,1,22.63,22.63l-8.58,8.57C313.09,173.53,327.37,208,355.88,208H368a16,16,0,0,1,0,32Z\"><\/path><\/svg>\t\t\t<\/div>\n\t\t<\/div>\n\t\t\t\t\t\t<\/div>\n\t\t\t\t<div class=\"elementor-element elementor-element-84201d4 elementor-widget-laptop__width-initial gsap-move-no rs-tween_max_btn-no elementor-widget elementor-widget-heading\" data-id=\"84201d4\" data-element_type=\"widget\" data-widget_type=\"heading.default\">\n\t\t\t\t\t<h2 class=\"elementor-heading-title elementor-size-default\">Formaci\u00f3n Continua<\/h2>\t\t\t\t<\/div>\n\t\t\t\t<\/div>\n\t\t<div class=\"no-position  elementor-element elementor-element-ce9150d e-con-full e-flex e-con e-child\" data-id=\"ce9150d\" data-element_type=\"container\">\n\t\t\t\t<div class=\"elementor-element elementor-element-548b8b3 gsap-move-no rs-tween_max_btn-no elementor-widget elementor-widget-text-editor\" data-id=\"548b8b3\" data-element_type=\"widget\" data-widget_type=\"text-editor.default\">\n\t\t\t\t\t\t\t\t\t<p>\u00a0<\/p><ul><li data-start=\"758\" data-end=\"822\">Cursos presenciales y E-learning, respaldados por OTEC y ACHS.<\/li><li data-start=\"758\" data-end=\"822\">Capacitaciones orientadas a la adquisici\u00f3n de nuevas habilidades y actualizaci\u00f3n t\u00e9cnica.<\/li><li data-start=\"825\" data-end=\"916\">Programas enfocados en mejorar el desempe\u00f1o laboral y adaptarse a los cambios del sector mar\u00edtimo.<\/li><\/ul>\t\t\t\t\t\t\t\t<\/div>\n\t\t\t\t<\/div>\n\t\t\t\t<\/div>\n\t\t\t\t\t<\/div>\n\t\t\t\t<\/div>\n\t\t\t\t<\/div>\n\t\t<div class=\"no-position  elementor-element elementor-element-3edc259 e-flex e-con-boxed e-con e-parent\" data-id=\"3edc259\" data-element_type=\"container\">\n\t\t\t\t\t<div class=\"e-con-inner\">\n\t\t\t\t<div class=\"elementor-element elementor-element-8663768 elementor-arrows-position-inside gsap-move-no rs-tween_max_btn-no elementor-widget elementor-widget-image-carousel\" data-id=\"8663768\" data-element_type=\"widget\" data-settings=\"{&quot;slides_to_show&quot;:&quot;3&quot;,&quot;navigation&quot;:&quot;arrows&quot;,&quot;autoplay&quot;:&quot;yes&quot;,&quot;pause_on_hover&quot;:&quot;yes&quot;,&quot;pause_on_interaction&quot;:&quot;yes&quot;,&quot;autoplay_speed&quot;:5000,&quot;infinite&quot;:&quot;yes&quot;,&quot;speed&quot;:500,&quot;image_spacing_custom&quot;:{&quot;unit&quot;:&quot;px&quot;,&quot;size&quot;:20,&quot;sizes&quot;:[]},&quot;image_spacing_custom_laptop&quot;:{&quot;unit&quot;:&quot;px&quot;,&quot;size&quot;:&quot;&quot;,&quot;sizes&quot;:[]},&quot;image_spacing_custom_tablet&quot;:{&quot;unit&quot;:&quot;px&quot;,&quot;size&quot;:&quot;&quot;,&quot;sizes&quot;:[]},&quot;image_spacing_custom_mobile&quot;:{&quot;unit&quot;:&quot;px&quot;,&quot;size&quot;:&quot;&quot;,&quot;sizes&quot;:[]}}\" data-widget_type=\"image-carousel.default\">\n\t\t\t\t\t\t\t<div class=\"elementor-image-carousel-wrapper swiper\" role=\"region\" aria-roledescription=\"carousel\" aria-label=\"Carrusel de im\u00e1genes\" dir=\"ltr\">\n\t\t\t<div class=\"elementor-image-carousel swiper-wrapper\" aria-live=\"off\">\n\t\t\t\t\t\t\t\t<div class=\"swiper-slide\" role=\"group\" aria-roledescription=\"slide\" aria-label=\"1 de 3\"><figure class=\"swiper-slide-inner\"><img decoding=\"async\" class=\"swiper-slide-image\" src=\"https:\/\/navierajaramillo.cl\/inicio\/wp-content\/uploads\/2026\/02\/capacitaciones3-352x199.png\" alt=\"capacitacion equipo naviera jaramilllo\" \/><\/figure><\/div><div class=\"swiper-slide\" role=\"group\" aria-roledescription=\"slide\" aria-label=\"2 de 3\"><figure class=\"swiper-slide-inner\"><img decoding=\"async\" class=\"swiper-slide-image\" src=\"https:\/\/navierajaramillo.cl\/inicio\/wp-content\/uploads\/2026\/02\/capacitaciones-352x199.png\" alt=\"capacitacion equipo naviera jaramilllo\" \/><\/figure><\/div><div class=\"swiper-slide\" role=\"group\" aria-roledescription=\"slide\" aria-label=\"3 de 3\"><figure class=\"swiper-slide-inner\"><img decoding=\"async\" class=\"swiper-slide-image\" src=\"https:\/\/navierajaramillo.cl\/inicio\/wp-content\/uploads\/2026\/02\/capacitacione6-352x199.png\" alt=\"capacitaci\u00f3n naviera jaramillo\" \/><\/figure><\/div>\t\t\t<\/div>\n\t\t\t\t\t\t\t\t\t\t\t\t<div class=\"elementor-swiper-button elementor-swiper-button-prev\" role=\"button\" tabindex=\"0\">\n\t\t\t\t\t\t<svg aria-hidden=\"true\" class=\"e-font-icon-svg e-eicon-chevron-left\" viewBox=\"0 0 1000 1000\" xmlns=\"http:\/\/www.w3.org\/2000\/svg\"><path d=\"M646 125C629 125 613 133 604 142L308 442C296 454 292 471 292 487 292 504 296 521 308 533L604 854C617 867 629 875 646 875 663 875 679 871 692 858 704 846 713 829 713 812 713 796 708 779 692 767L438 487 692 225C700 217 708 204 708 187 708 171 704 154 692 142 675 129 663 125 646 125Z\"><\/path><\/svg>\t\t\t\t\t<\/div>\n\t\t\t\t\t<div class=\"elementor-swiper-button elementor-swiper-button-next\" role=\"button\" tabindex=\"0\">\n\t\t\t\t\t\t<svg aria-hidden=\"true\" class=\"e-font-icon-svg e-eicon-chevron-right\" viewBox=\"0 0 1000 1000\" xmlns=\"http:\/\/www.w3.org\/2000\/svg\"><path d=\"M696 533C708 521 713 504 713 487 713 471 708 454 696 446L400 146C388 133 375 125 354 125 338 125 325 129 313 142 300 154 292 171 292 187 292 204 296 221 308 233L563 492 304 771C292 783 288 800 288 817 288 833 296 850 308 863 321 871 338 875 354 875 371 875 388 867 400 854L696 533Z\"><\/path><\/svg>\t\t\t\t\t<\/div>\n\t\t\t\t\n\t\t\t\t\t\t\t\t\t<\/div>\n\t\t\t\t\t\t<\/div>\n\t\t\t\t\t<\/div>\n\t\t\t\t<\/div>\n\t\t<div class=\"no-position  elementor-element elementor-element-d586686 e-flex e-con-boxed e-con e-parent\" data-id=\"d586686\" data-element_type=\"container\">\n\t\t\t\t\t<div class=\"e-con-inner\">\n\t\t\t\t<div class=\"elementor-element elementor-element-d631f4a gsap-move-no rs-tween_max_btn-no elementor-widget elementor-widget-heading\" data-id=\"d631f4a\" data-element_type=\"widget\" data-widget_type=\"heading.default\">\n\t\t\t\t\t<h2 class=\"elementor-heading-title elementor-size-default\">Sistema de Gesti\u00f3n y Cumplimiento<\/h2>\t\t\t\t<\/div>\n\t\t\t\t<div class=\"elementor-element elementor-element-5e92df6 elementor-widget-laptop__width-initial gsap-move-no rs-tween_max_btn-no elementor-widget elementor-widget-text-editor\" data-id=\"5e92df6\" data-element_type=\"widget\" data-widget_type=\"text-editor.default\">\n\t\t\t\t\t\t\t\t\t<p data-start=\"1064\" data-end=\"1195\">Nuestra operaci\u00f3n se sustenta en pol\u00edticas y lineamientos internos que fortalecen la seguridad y la responsabilidad organizacional:<\/p><ul data-start=\"1197\" data-end=\"1327\"><li data-start=\"1197\" data-end=\"1268\"><p data-start=\"1199\" data-end=\"1268\">Pol\u00edtica de Seguridad, Salud Ocupacional, Medio Ambiente y Calidad.<\/p><\/li><li data-start=\"1269\" data-end=\"1295\"><p data-start=\"1271\" data-end=\"1295\">Pol\u00edtica de Ley Karin.<\/p><\/li><li data-start=\"1296\" data-end=\"1327\"><p data-start=\"1298\" data-end=\"1327\">Pol\u00edtica de Alcohol y Drogas.<\/p><\/li><\/ul>\t\t\t\t\t\t\t\t<\/div>\n\t\t\t\t\t<\/div>\n\t\t\t\t<\/div>\n\t\t<div class=\"no-position  elementor-element elementor-element-89a9cd4 e-flex e-con-boxed e-con e-parent\" data-id=\"89a9cd4\" data-element_type=\"container\">\n\t\t\t\t\t<div class=\"e-con-inner\">\n\t\t<div class=\"no-position  elementor-element elementor-element-3567545 e-con-full e-flex e-con e-child\" data-id=\"3567545\" data-element_type=\"container\">\n\t\t\t\t<div class=\"elementor-element elementor-element-762bcc8 elementor-view-default gsap-move-no rs-tween_max_btn-no elementor-invisible elementor-widget elementor-widget-icon\" data-id=\"762bcc8\" data-element_type=\"widget\" data-settings=\"{&quot;_animation&quot;:&quot;fadeInLeft&quot;}\" data-widget_type=\"icon.default\">\n\t\t\t\t\t\t\t<div class=\"elementor-icon-wrapper\">\n\t\t\t<div class=\"elementor-icon\">\n\t\t\t<svg aria-hidden=\"true\" class=\"e-font-icon-svg e-fas-check-circle\" viewBox=\"0 0 512 512\" xmlns=\"http:\/\/www.w3.org\/2000\/svg\"><path d=\"M504 256c0 136.967-111.033 248-248 248S8 392.967 8 256 119.033 8 256 8s248 111.033 248 248zM227.314 387.314l184-184c6.248-6.248 6.248-16.379 0-22.627l-22.627-22.627c-6.248-6.249-16.379-6.249-22.628 0L216 308.118l-70.059-70.059c-6.248-6.248-16.379-6.248-22.628 0l-22.627 22.627c-6.248 6.248-6.248 16.379 0 22.627l104 104c6.249 6.249 16.379 6.249 22.628.001z\"><\/path><\/svg>\t\t\t<\/div>\n\t\t<\/div>\n\t\t\t\t\t\t<\/div>\n\t\t\t\t<\/div>\n\t\t<div class=\"no-position  elementor-element elementor-element-09e772b e-con-full e-flex e-con e-child\" data-id=\"09e772b\" data-element_type=\"container\">\n\t\t\t\t<div class=\"elementor-element elementor-element-209b08c gsap-move-no rs-tween_max_btn-no elementor-widget elementor-widget-heading\" data-id=\"209b08c\" data-element_type=\"widget\" data-widget_type=\"heading.default\">\n\t\t\t\t\t<h3 class=\"elementor-heading-title elementor-size-default\">Nuestro compromiso con la formaci\u00f3n y la gesti\u00f3n interna nos permite operar con altos est\u00e1ndares de seguridad, calidad y responsabilidad.<\/h3>\t\t\t\t<\/div>\n\t\t\t\t<\/div>\n\t\t\t\t\t<\/div>\n\t\t\t\t<\/div>\n\t\t<div class=\"no-position  elementor-element elementor-element-4b3be32 e-flex e-con-boxed e-con e-parent\" data-id=\"4b3be32\" data-element_type=\"container\">\n\t\t\t\t\t<div class=\"e-con-inner\">\n\t\t\t\t<div class=\"elementor-element elementor-element-bbdec72 gsap-move-no rs-tween_max_btn-no elementor-widget elementor-widget-spacer\" data-id=\"bbdec72\" data-element_type=\"widget\" data-widget_type=\"spacer.default\">\n\t\t\t\t\t\t\t<div class=\"elementor-spacer\">\n\t\t\t<div class=\"elementor-spacer-inner\"><\/div>\n\t\t<\/div>\n\t\t\t\t\t\t<\/div>\n\t\t\t\t\t<\/div>\n\t\t\t\t<\/div>\n\t\t<div class=\"no-position  elementor-element elementor-element-ec2842b e-flex e-con-boxed e-con e-parent\" data-id=\"ec2842b\" data-element_type=\"container\">\n\t\t\t\t\t<div class=\"e-con-inner\">\n\t\t<div class=\"no-position  elementor-element elementor-element-7e5b09d e-con-full e-flex e-con e-child\" data-id=\"7e5b09d\" data-element_type=\"container\">\n\t\t\t\t<div class=\"elementor-element elementor-element-d7622a3 elementor-view-default gsap-move-no rs-tween_max_btn-no elementor-invisible elementor-widget elementor-widget-icon\" data-id=\"d7622a3\" data-element_type=\"widget\" data-settings=\"{&quot;_animation&quot;:&quot;fadeIn&quot;}\" data-widget_type=\"icon.default\">\n\t\t\t\t\t\t\t<div class=\"elementor-icon-wrapper\">\n\t\t\t<div class=\"elementor-icon\">\n\t\t\t<svg aria-hidden=\"true\" class=\"e-font-icon-svg e-fas-user-check\" viewBox=\"0 0 640 512\" xmlns=\"http:\/\/www.w3.org\/2000\/svg\"><path d=\"M224 256c70.7 0 128-57.3 128-128S294.7 0 224 0 96 57.3 96 128s57.3 128 128 128zm89.6 32h-16.7c-22.2 10.2-46.9 16-72.9 16s-50.6-5.8-72.9-16h-16.7C60.2 288 0 348.2 0 422.4V464c0 26.5 21.5 48 48 48h352c26.5 0 48-21.5 48-48v-41.6c0-74.2-60.2-134.4-134.4-134.4zm323-128.4l-27.8-28.1c-4.6-4.7-12.1-4.7-16.8-.1l-104.8 104-45.5-45.8c-4.6-4.7-12.1-4.7-16.8-.1l-28.1 27.9c-4.7 4.6-4.7 12.1-.1 16.8l81.7 82.3c4.6 4.7 12.1 4.7 16.8.1l141.3-140.2c4.6-4.7 4.7-12.2.1-16.8z\"><\/path><\/svg>\t\t\t<\/div>\n\t\t<\/div>\n\t\t\t\t\t\t<\/div>\n\t\t\t\t<div class=\"elementor-element elementor-element-cab188e gsap-move-no rs-tween_max_btn-no elementor-widget elementor-widget-heading\" data-id=\"cab188e\" data-element_type=\"widget\" data-widget_type=\"heading.default\">\n\t\t\t\t\t<h3 class=\"elementor-heading-title elementor-size-default\">Fiscalizaci\u00f3n AAMM<\/h3>\t\t\t\t<\/div>\n\t\t\t\t<div class=\"elementor-element elementor-element-d7064e6 gsap-move-no rs-tween_max_btn-no elementor-widget elementor-widget-text-editor\" data-id=\"d7064e6\" data-element_type=\"widget\" data-widget_type=\"text-editor.default\">\n\t\t\t\t\t\t\t\t\t<p>Apoyo operativo durante fiscalizaciones de la Autoridad Mar\u00edtima, colaborando en la revisi\u00f3n de embarcaciones, equipos y condiciones de seguridad.<\/p>\t\t\t\t\t\t\t\t<\/div>\n\t\t\t\t<\/div>\n\t\t<div class=\"no-position  elementor-element elementor-element-e0b6856 e-con-full e-flex e-con e-child\" data-id=\"e0b6856\" data-element_type=\"container\">\n\t\t\t\t<div class=\"elementor-element elementor-element-05fea6f elementor-widget__width-initial gsap-move-no rs-tween_max_btn-no elementor-widget elementor-widget-image\" data-id=\"05fea6f\" data-element_type=\"widget\" data-widget_type=\"image.default\">\n\t\t\t\t\t\t\t\t\t\t\t\t\t\t\t<img loading=\"lazy\" decoding=\"async\" width=\"600\" height=\"613\" src=\"https:\/\/navierajaramillo.cl\/inicio\/wp-content\/uploads\/2026\/03\/fiscalizacion-aamm.png\" class=\"attachment-full size-full wp-image-11358\" alt=\"fiscalizacion-aamm\" srcset=\"https:\/\/navierajaramillo.cl\/inicio\/wp-content\/uploads\/2026\/03\/fiscalizacion-aamm.png 600w, https:\/\/navierajaramillo.cl\/inicio\/wp-content\/uploads\/2026\/03\/fiscalizacion-aamm-294x300.png 294w\" sizes=\"(max-width: 600px) 100vw, 600px\" \/>\t\t\t\t\t\t\t\t\t\t\t\t\t\t\t<\/div>\n\t\t\t\t<\/div>\n\t\t\t\t\t<\/div>\n\t\t\t\t<\/div>\n\t\t<div class=\"no-position  elementor-element elementor-element-4aa1bee e-flex e-con-boxed e-con e-parent\" data-id=\"4aa1bee\" data-element_type=\"container\">\n\t\t\t\t\t<div class=\"e-con-inner\">\n\t\t<div class=\"no-position  elementor-element elementor-element-f3abb0b e-con-full e-flex e-con e-child\" data-id=\"f3abb0b\" data-element_type=\"container\">\n\t\t\t\t<div class=\"elementor-element elementor-element-bbc13a2 elementor-view-default gsap-move-no rs-tween_max_btn-no elementor-invisible elementor-widget elementor-widget-icon\" data-id=\"bbc13a2\" data-element_type=\"widget\" data-settings=\"{&quot;_animation&quot;:&quot;fadeIn&quot;}\" data-widget_type=\"icon.default\">\n\t\t\t\t\t\t\t<div class=\"elementor-icon-wrapper\">\n\t\t\t<div class=\"elementor-icon\">\n\t\t\t<svg aria-hidden=\"true\" class=\"e-font-icon-svg e-fas-vote-yea\" viewBox=\"0 0 640 512\" xmlns=\"http:\/\/www.w3.org\/2000\/svg\"><path d=\"M608 320h-64v64h22.4c5.3 0 9.6 3.6 9.6 8v16c0 4.4-4.3 8-9.6 8H73.6c-5.3 0-9.6-3.6-9.6-8v-16c0-4.4 4.3-8 9.6-8H96v-64H32c-17.7 0-32 14.3-32 32v96c0 17.7 14.3 32 32 32h576c17.7 0 32-14.3 32-32v-96c0-17.7-14.3-32-32-32zm-96 64V64.3c0-17.9-14.5-32.3-32.3-32.3H160.4C142.5 32 128 46.5 128 64.3V384h384zM211.2 202l25.5-25.3c4.2-4.2 11-4.2 15.2.1l41.3 41.6 95.2-94.4c4.2-4.2 11-4.2 15.2.1l25.3 25.5c4.2 4.2 4.2 11-.1 15.2L300.5 292c-4.2 4.2-11 4.2-15.2-.1l-74.1-74.7c-4.3-4.2-4.2-11 0-15.2z\"><\/path><\/svg>\t\t\t<\/div>\n\t\t<\/div>\n\t\t\t\t\t\t<\/div>\n\t\t\t\t<div class=\"elementor-element elementor-element-676bf53 gsap-move-no rs-tween_max_btn-no elementor-widget elementor-widget-heading\" data-id=\"676bf53\" data-element_type=\"widget\" data-widget_type=\"heading.default\">\n\t\t\t\t\t<h3 class=\"elementor-heading-title elementor-size-default\">Auditor\u00eda <\/h3>\t\t\t\t<\/div>\n\t\t\t\t<div class=\"elementor-element elementor-element-7b96b96 gsap-move-no rs-tween_max_btn-no elementor-widget elementor-widget-text-editor\" data-id=\"7b96b96\" data-element_type=\"widget\" data-widget_type=\"text-editor.default\">\n\t\t\t\t\t\t\t\t\t<p>Participaci\u00f3n en procesos de auditor\u00eda operativa, evaluando procedimientos, cumplimiento normativo y est\u00e1ndares de seguridad en las operaciones mar\u00edtimas.<\/p>\t\t\t\t\t\t\t\t<\/div>\n\t\t\t\t<\/div>\n\t\t<div class=\"no-position  elementor-element elementor-element-7e099d3 e-con-full e-flex e-con e-child\" data-id=\"7e099d3\" data-element_type=\"container\">\n\t\t\t\t<div class=\"elementor-element elementor-element-7e39430 elementor-widget__width-initial gsap-move-no rs-tween_max_btn-no elementor-widget elementor-widget-image\" data-id=\"7e39430\" data-element_type=\"widget\" data-widget_type=\"image.default\">\n\t\t\t\t\t\t\t\t\t\t\t\t\t\t\t<img loading=\"lazy\" decoding=\"async\" width=\"600\" height=\"399\" src=\"https:\/\/navierajaramillo.cl\/inicio\/wp-content\/uploads\/2026\/03\/auditoria.png\" class=\"attachment-full size-full wp-image-11363\" alt=\"auditoria naviera jaramillo\" srcset=\"https:\/\/navierajaramillo.cl\/inicio\/wp-content\/uploads\/2026\/03\/auditoria.png 600w, https:\/\/navierajaramillo.cl\/inicio\/wp-content\/uploads\/2026\/03\/auditoria-300x200.png 300w\" sizes=\"(max-width: 600px) 100vw, 600px\" \/>\t\t\t\t\t\t\t\t\t\t\t\t\t\t\t<\/div>\n\t\t\t\t<\/div>\n\t\t\t\t\t<\/div>\n\t\t\t\t<\/div>\n\t\t\t\t<\/div>\n\t\t","protected":false},"excerpt":{"rendered":"<p>Capacitaciones Compromiso permanente con la excelencia operacional Desarrollo y Formaci\u00f3n de Nuestro Equipo En Naviera Jaramillo creemos que un servicio de excelencia comienza con un equipo preparado, actualizado y respaldado por una gesti\u00f3n responsable. Por eso impulsamos de manera permanente procesos de formaci\u00f3n y fortalecimiento organizacional para nuestros colaboradores. Formaci\u00f3n Continua \u00a0 Cursos presenciales y&#8230;<\/p>\n","protected":false},"author":1,"featured_media":0,"parent":0,"menu_order":0,"comment_status":"closed","ping_status":"closed","template":"elementor_header_footer","meta":{"footnotes":""},"class_list":["post-2612","page","type-page","status-publish","hentry"],"_links":{"self":[{"href":"https:\/\/navierajaramillo.cl\/inicio\/wp-json\/wp\/v2\/pages\/2612","targetHints":{"allow":["GET"]}}],"collection":[{"href":"https:\/\/navierajaramillo.cl\/inicio\/wp-json\/wp\/v2\/pages"}],"about":[{"href":"https:\/\/navierajaramillo.cl\/inicio\/wp-json\/wp\/v2\/types\/page"}],"author":[{"embeddable":true,"href":"https:\/\/navierajaramillo.cl\/inicio\/wp-json\/wp\/v2\/users\/1"}],"replies":[{"embeddable":true,"href":"https:\/\/navierajaramillo.cl\/inicio\/wp-json\/wp\/v2\/comments?post=2612"}],"version-history":[{"count":44,"href":"https:\/\/navierajaramillo.cl\/inicio\/wp-json\/wp\/v2\/pages\/2612\/revisions"}],"predecessor-version":[{"id":11369,"href":"https:\/\/navierajaramillo.cl\/inicio\/wp-json\/wp\/v2\/pages\/2612\/revisions\/11369"}],"wp:attachment":[{"href":"https:\/\/navierajaramillo.cl\/inicio\/wp-json\/wp\/v2\/media?parent=2612"}],"curies":[{"name":"wp","href":"https:\/\/api.w.org\/{rel}","templated":true}]}}